{"id":8827,"date":"2024-10-11T14:44:13","date_gmt":"2024-10-11T14:44:13","guid":{"rendered":"https:\/\/rave-finanzierung.de\/?page_id=8827"},"modified":"2025-01-08T11:49:19","modified_gmt":"2025-01-08T11:49:19","slug":"impressum","status":"publish","type":"page","link":"https:\/\/rave-finanzierung.de\/index.php\/impressum\/","title":{"rendered":"Impressum"},"content":{"rendered":"\t\t<div data-elementor-type=\"wp-page\" data-elementor-id=\"8827\" class=\"elementor elementor-8827\" data-elementor-post-type=\"page\">\n\t\t\t\t<div class=\"elementor-element elementor-element-ae39433 e-flex e-con-boxed rt-parallax-bg-no e-con e-parent\" data-id=\"ae39433\" data-element_type=\"container\" data-settings=\"{&quot;background_background&quot;:&quot;classic&quot;}\">\n\t\t\t\t\t<div class=\"e-con-inner\">\n\t\t<div class=\"elementor-element elementor-element-6c02d89 e-con-full e-flex rt-parallax-bg-no e-con e-child\" data-id=\"6c02d89\" data-element_type=\"container\">\n\t\t<div class=\"elementor-element elementor-element-2526072 e-grid e-con-full rt-parallax-bg-no e-con e-child\" data-id=\"2526072\" data-element_type=\"container\">\n\t\t\t\t<div class=\"elementor-element elementor-element-c93982c elementor-invisible elementor-widget elementor-widget-rt-contact-info\" data-id=\"c93982c\" data-element_type=\"widget\" data-widget_type=\"rt-contact-info.default\">\n\t\t\t\t<div class=\"elementor-widget-container\">\n\t\t\t\t\t\r\n\r\n<div class=\"rt-contact-info wow-off fadeInUp\" data-wow-delay=\"200ms\" data-wow-duration=\"1200ms\">\r\n    <div class=\"content-holder\">\r\n                    <h3 class=\"info-title\">RAVE Finanzvermittlung<\/h3>\r\n                <ul class=\"contact-list list-vertical\">\r\n            \r\n            <li class=\"list \">\r\n                                                            <i aria-hidden=\"true\" class=\"fas fa-map-marker-alt\"><\/i>                                                                                Pl\u00f6ner Str. 56, 23701 Eutin                            <\/li>\r\n            \r\n            <li class=\"list phone-no\">\r\n                                                            <i aria-hidden=\"true\" class=\"fas fa-phone-alt\"><\/i>                                                                                <a href=\"tel:+49 4521 7904517\">+49 4521 7904517<\/a>\r\n                            <\/li>\r\n            \r\n            <li class=\"list \">\r\n                                                            <i aria-hidden=\"true\" class=\" icon-rt-email\"><\/i>                                                                                <a href=\"mailto:buck@rave-finanzierung.de\">buck@rave-finanzierung.de<\/a>\r\n                            <\/li>\r\n                    <\/ul>\r\n    <\/div>\r\n<\/div>\t\t\t\t<\/div>\n\t\t\t\t<\/div>\n\t\t\t\t<\/div>\n\t\t<div class=\"elementor-element elementor-element-127b84d e-grid e-con-full rt-parallax-bg-no e-con e-child\" data-id=\"127b84d\" data-element_type=\"container\">\n\t\t\t\t<div class=\"elementor-element elementor-element-ab0906c elementor-widget elementor-widget-text-editor\" data-id=\"ab0906c\" data-element_type=\"widget\" data-widget_type=\"text-editor.default\">\n\t\t\t\t<div class=\"elementor-widget-container\">\n\t\t\t\t\t\t\t\t\t<h1>Impressum<\/h1><h2 id=\"m46\">Diensteanbieter<\/h2><p>Rave Finanzierungsvermittlung<br \/><span style=\"text-align: var(--text-align);\">Pl\u00f6ner Str. 56<br \/><\/span><span style=\"text-align: var(--text-align);\">23701 Eutin<br \/><\/span><span style=\"text-align: var(--text-align);\">Deutschland<\/span><\/p><h2 id=\"m56\">Kontaktm\u00f6glichkeiten<\/h2><p>E-Mail-Adresse: buck@rave-finanzierung.de<br \/><span style=\"text-align: var(--text-align);\">Telefon: +49 (0)4521 7904517<br \/><\/span><span style=\"text-align: var(--text-align);\">Fax: +49 (0)4521 7904516<br \/><\/span><span style=\"text-align: var(--text-align);\">Kontaktformular: <\/span><a style=\"text-align: var(--text-align); background-color: #f0f0f0;\" href=\"https:\/\/rave-finanzierung.de\/kontakt\/\" target=\"_blank\" rel=\"noopener\">https:\/\/rave-finanzierung.de\/kontakt\/<\/a><\/p><h2 id=\"m172\">Social Media und andere Onlinepr\u00e4senzen<\/h2><h2 id=\"m65\">Haftungs- und Schutzrechtshinweise<\/h2><p>Haftungsausschluss: Die Inhalte dieses Onlineangebotes wurden sorgf\u00e4ltig und nach unserem aktuellen Kenntnisstand erstellt, dienen jedoch nur der Information und entfalten keine rechtlich bindende Wirkung, sofern es sich nicht um gesetzlich verpflichtende Informationen (z.\u00a0B. das Impressum, die Datenschutzerkl\u00e4rung, AGB oder verpflichtende Belehrungen von Verbrauchern) handelt. Wir behalten uns vor, die Inhalte vollst\u00e4ndig oder teilweise zu \u00e4ndern oder zu l\u00f6schen, soweit vertragliche Verpflichtungen unber\u00fchrt bleiben. Alle Angebote sind freibleibend und unverbindlich.<\/p><p>Links auf fremde Webseiten: Die Inhalte fremder Webseiten, auf die wir direkt oder indirekt verweisen, liegen au\u00dferhalb unseres Verantwortungsbereiches und wir machen sie uns nicht zu Eigen. F\u00fcr alle Inhalte und Nachteile, die aus der Nutzung der in den verlinkten Webseiten aufrufbaren Informationen entstehen, \u00fcbernehmen wir keine Verantwortung.<\/p><p>Urheberrechte und Markenrechte: Alle auf dieser Website dargestellten Inhalte, wie Texte, Fotografien, Grafiken, Marken und Warenzeichen sind durch die jeweiligen Schutzrechte (Urheberrechte, Markenrechte) gesch\u00fctzt. Die Verwendung, Vervielf\u00e4ltigung usw. unterliegen unseren Rechten oder den Rechten der jeweiligen Urheber bzw. Rechteinhaber.<\/p><p>Hinweise auf Rechtsverst\u00f6\u00dfe: Sollten Sie innerhalb unseres Internetauftritts Rechtsverst\u00f6\u00dfe bemerken, bitten wir Sie uns auf diese hinzuweisen. Wir werden rechtswidrige Inhalte und Links nach Kenntnisnahme unverz\u00fcglich entfernen.<\/p><p class=\"seal\"><a title=\"Rechtstext von Dr. Schwenke - f\u00fcr weitere Informationen bitte anklicken.\" href=\"https:\/\/datenschutz-generator.de\/\" target=\"_blank\" rel=\"noopener noreferrer nofollow\">Erstellt mit kostenlosem Datenschutz-Generator.de von Dr. Thomas Schwenke<\/a><\/p>\t\t\t\t\t\t\t\t<\/div>\n\t\t\t\t<\/div>\n\t\t\t\t<\/div>\n\t\t\t\t<\/div>\n\t\t<div class=\"elementor-element elementor-element-be4b0af e-con-full e-flex rt-parallax-bg-no e-con e-child\" data-id=\"be4b0af\" data-element_type=\"container\">\n\t\t<div class=\"elementor-element elementor-element-7bda1e8 e-con-full e-flex rt-parallax-bg-no e-con e-child\" data-id=\"7bda1e8\" data-element_type=\"container\" data-settings=\"{&quot;background_background&quot;:&quot;classic&quot;}\">\n\t\t\t\t<div class=\"elementor-element elementor-element-654d08a elementor-invisible elementor-widget elementor-widget-rt-title\" data-id=\"654d08a\" data-element_type=\"widget\" data-widget_type=\"rt-title.default\">\n\t\t\t\t<div class=\"elementor-widget-container\">\n\t\t\t\t\t<div class=\"section-title-wrapper \">\r\n\t<div class=\"title-inner-wrapper ah-headline\">\r\n\t\t<!--Top Sub Title-->\r\n\t\t\r\n\t\t<!--Main Title-->\r\n\t\t        <div class=\"wow-off fadeInUp\" data-wow-delay=\"400ms\" data-wow-duration=\"1200ms\">\r\n            <h2 class=\"main-title middle\">Kontaktformular\t                <\/h2>\r\n        <\/div>\r\n            <\/div>\r\n<\/div>\t\t\t\t<\/div>\n\t\t\t\t<\/div>\n\t\t\t\t<div class=\"elementor-element elementor-element-82dca36 elementor-widget elementor-widget-wpforms\" data-id=\"82dca36\" data-element_type=\"widget\" data-widget_type=\"wpforms.default\">\n\t\t\t\t<div class=\"elementor-widget-container\">\n\t\t\t\t\t<style id=\"wpforms-css-vars-root\">\n\t\t\t\t:root {\n\t\t\t\t\t--wpforms-field-border-radius: 3px;\n--wpforms-field-border-style: solid;\n--wpforms-field-border-size: 1px;\n--wpforms-field-background-color: #ffffff;\n--wpforms-field-border-color: rgba( 0, 0, 0, 0.25 );\n--wpforms-field-border-color-spare: rgba( 0, 0, 0, 0.25 );\n--wpforms-field-text-color: rgba( 0, 0, 0, 0.7 );\n--wpforms-field-menu-color: #ffffff;\n--wpforms-label-color: rgba( 0, 0, 0, 0.85 );\n--wpforms-label-sublabel-color: rgba( 0, 0, 0, 0.55 );\n--wpforms-label-error-color: #d63637;\n--wpforms-button-border-radius: 3px;\n--wpforms-button-border-style: none;\n--wpforms-button-border-size: 1px;\n--wpforms-button-background-color: #066aab;\n--wpforms-button-border-color: #066aab;\n--wpforms-button-text-color: #ffffff;\n--wpforms-page-break-color: #066aab;\n--wpforms-background-image: none;\n--wpforms-background-position: center center;\n--wpforms-background-repeat: no-repeat;\n--wpforms-background-size: cover;\n--wpforms-background-width: 100px;\n--wpforms-background-height: 100px;\n--wpforms-background-color: rgba( 0, 0, 0, 0 );\n--wpforms-background-url: none;\n--wpforms-container-padding: 0px;\n--wpforms-container-border-style: none;\n--wpforms-container-border-width: 1px;\n--wpforms-container-border-color: #000000;\n--wpforms-container-border-radius: 3px;\n--wpforms-field-size-input-height: 43px;\n--wpforms-field-size-input-spacing: 15px;\n--wpforms-field-size-font-size: 16px;\n--wpforms-field-size-line-height: 19px;\n--wpforms-field-size-padding-h: 14px;\n--wpforms-field-size-checkbox-size: 16px;\n--wpforms-field-size-sublabel-spacing: 5px;\n--wpforms-field-size-icon-size: 1;\n--wpforms-label-size-font-size: 16px;\n--wpforms-label-size-line-height: 19px;\n--wpforms-label-size-sublabel-font-size: 14px;\n--wpforms-label-size-sublabel-line-height: 17px;\n--wpforms-button-size-font-size: 17px;\n--wpforms-button-size-height: 41px;\n--wpforms-button-size-padding-h: 15px;\n--wpforms-button-size-margin-top: 10px;\n--wpforms-container-shadow-size-box-shadow: none;\n\n\t\t\t\t}\n\t\t\t<\/style><style id=\"wpforms-css-vars-elementor-widget-82dca36\">\n\t\t\t\t.elementor-widget-wpforms.elementor-element-82dca36 {\n\t\t\t\t\t--wpforms-field-size-input-height: 43px;\n--wpforms-field-size-input-spacing: 15px;\n--wpforms-field-size-font-size: 16px;\n--wpforms-field-size-line-height: 19px;\n--wpforms-field-size-padding-h: 14px;\n--wpforms-field-size-checkbox-size: 16px;\n--wpforms-field-size-sublabel-spacing: 5px;\n--wpforms-field-size-icon-size: 1;\n--wpforms-label-size-font-size: 16px;\n--wpforms-label-size-line-height: 19px;\n--wpforms-label-size-sublabel-font-size: 14px;\n--wpforms-label-size-sublabel-line-height: 17px;\n--wpforms-button-size-font-size: 17px;\n--wpforms-button-size-height: 41px;\n--wpforms-button-size-padding-h: 15px;\n--wpforms-button-size-margin-top: 10px;\n\n\t\t\t\t}\n\t\t\t<\/style><div class=\"wpforms-container wpforms-container-full wpforms-render-modern\" id=\"wpforms-9095\"><form id=\"wpforms-form-9095\" class=\"wpforms-validate wpforms-form wpforms-ajax-form\" data-formid=\"9095\" method=\"post\" enctype=\"multipart\/form-data\" action=\"\/index.php\/wp-json\/wp\/v2\/pages\/8827\" data-token=\"cd782add9add35faaa646ce63a5bffe4\" data-token-time=\"1775834205\"><noscript class=\"wpforms-error-noscript\">Bitte aktiviere JavaScript in deinem Browser, um dieses Formular fertigzustellen.<\/noscript><div class=\"wpforms-hidden\" id=\"wpforms-error-noscript\">Bitte aktiviere JavaScript in deinem Browser, um dieses Formular fertigzustellen.<\/div><div class=\"wpforms-field-container\"><div id=\"wpforms-9095-field_1-container\" class=\"wpforms-field wpforms-field-name\" data-field-id=\"1\"><fieldset><legend class=\"wpforms-field-label\">Name <span class=\"wpforms-required-label\" aria-hidden=\"true\">*<\/span><\/legend><div class=\"wpforms-field-row wpforms-field-large\"><div class=\"wpforms-field-row-block wpforms-first wpforms-one-half\"><input type=\"text\" id=\"wpforms-9095-field_1\" class=\"wpforms-field-name-first wpforms-field-required\" name=\"wpforms[fields][1][first]\" aria-errormessage=\"wpforms-9095-field_1-error\" required><label for=\"wpforms-9095-field_1\" class=\"wpforms-field-sublabel after\">Vorname<\/label><\/div><div class=\"wpforms-field-row-block wpforms-one-half\"><input type=\"text\" id=\"wpforms-9095-field_1-last\" class=\"wpforms-field-name-last wpforms-field-required\" name=\"wpforms[fields][1][last]\" aria-errormessage=\"wpforms-9095-field_1-last-error\" required><label for=\"wpforms-9095-field_1-last\" class=\"wpforms-field-sublabel after\">Nachname<\/label><\/div><\/div><\/fieldset><\/div><div id=\"wpforms-9095-field_2-container\" class=\"wpforms-field wpforms-field-email\" data-field-id=\"2\"><label class=\"wpforms-field-label\" for=\"wpforms-9095-field_2\">E-Mail-Adresse <span class=\"wpforms-required-label\" aria-hidden=\"true\">*<\/span><\/label><input type=\"email\" id=\"wpforms-9095-field_2\" class=\"wpforms-field-large wpforms-field-required\" name=\"wpforms[fields][2]\" spellcheck=\"false\" aria-errormessage=\"wpforms-9095-field_2-error\" required><\/div><div id=\"wpforms-9095-field_3-container\" class=\"wpforms-field wpforms-field-textarea\" data-field-id=\"3\"><label class=\"wpforms-field-label\" for=\"wpforms-9095-field_3\">Ihre Nachricht<\/label><textarea id=\"wpforms-9095-field_3\" class=\"wpforms-field-medium\" name=\"wpforms[fields][3]\" aria-errormessage=\"wpforms-9095-field_3-error\" ><\/textarea><\/div><div id=\"wpforms-9095-field_4-container\" class=\"wpforms-field wpforms-field-checkbox\" data-field-id=\"4\"><fieldset><legend class=\"wpforms-field-label wpforms-label-hide\" aria-hidden=\"false\">Datenschutzerkl\u00e4rung <span class=\"wpforms-required-label\" aria-hidden=\"true\">*<\/span><\/legend><ul id=\"wpforms-9095-field_4\" class=\"wpforms-field-required\"><li class=\"choice-1 depth-1\"><input type=\"checkbox\" id=\"wpforms-9095-field_4_1\" name=\"wpforms[fields][4][]\" value=\"Hiermit best\u00e4tige ich, dass ich die &lt;a href=&quot;https:\/\/rave-finanzierung.de\/index.php\/datenschutz\/&quot;&gt;Datenschutzerkl\u00e4rung&lt;\/a&gt; gelesen habe und mit ihren Bedingungen einverstanden bin.\" aria-errormessage=\"wpforms-9095-field_4_1-error\" required ><label class=\"wpforms-field-label-inline\" for=\"wpforms-9095-field_4_1\">Hiermit best\u00e4tige ich, dass ich die <a href=\"https:\/\/rave-finanzierung.de\/index.php\/datenschutz\/\">Datenschutzerkl\u00e4rung<\/a> gelesen habe und mit ihren Bedingungen einverstanden bin.<\/label><\/li><\/ul><\/fieldset><\/div><div id=\"wpforms-9095-field_5-container\" class=\"wpforms-field wpforms-field-checkbox\" data-field-id=\"5\"><fieldset><legend class=\"wpforms-field-label wpforms-label-hide\" aria-hidden=\"false\">Kontaktdaten-Verarbeitung <span class=\"wpforms-required-label\" aria-hidden=\"true\">*<\/span><\/legend><ul id=\"wpforms-9095-field_5\" class=\"wpforms-field-required\"><li class=\"choice-2 depth-1\"><input type=\"checkbox\" id=\"wpforms-9095-field_5_2\" name=\"wpforms[fields][5][]\" value=\"Ich bin damit einverstanden, dass RAVE Finanzierungsvermittlung meine Kontaktdaten zur Verarbeitung verwendet, um mit mir, bzgl. meiner Anfrage, Kontakt aufnimmt.\" aria-errormessage=\"wpforms-9095-field_5_2-error\" required ><label class=\"wpforms-field-label-inline\" for=\"wpforms-9095-field_5_2\">Ich bin damit einverstanden, dass RAVE Finanzierungsvermittlung meine Kontaktdaten zur Verarbeitung verwendet, um mit mir, bzgl. meiner Anfrage, Kontakt aufnimmt.<\/label><\/li><\/ul><\/fieldset><\/div><\/div><!-- .wpforms-field-container --><div class=\"wpforms-recaptcha-container wpforms-is-recaptcha wpforms-is-recaptcha-type-v3\" ><input type=\"hidden\" name=\"wpforms[recaptcha]\" value=\"\"><\/div><div class=\"wpforms-submit-container\" ><input type=\"hidden\" name=\"wpforms[id]\" value=\"9095\"><input type=\"hidden\" name=\"page_title\" value=\"\"><input type=\"hidden\" name=\"page_url\" value=\"https:\/\/rave-finanzierung.de\/index.php\/wp-json\/wp\/v2\/pages\/8827\"><button type=\"submit\" name=\"wpforms[submit]\" id=\"wpforms-submit-9095\" class=\"wpforms-submit\" data-alt-text=\"Wird gesendet\u00a0\u2026\" data-submit-text=\"Absenden\" aria-live=\"assertive\" value=\"wpforms-submit\">Absenden<\/button><img decoding=\"async\" src=\"https:\/\/rave-finanzierung.de\/wp-content\/plugins\/wpforms\/assets\/images\/submit-spin.svg\" class=\"wpforms-submit-spinner\" style=\"display: none;\" width=\"26\" height=\"26\" alt=\"Wird geladen\"><\/div><\/form><\/div>  <!-- .wpforms-container -->\t\t\t\t<\/div>\n\t\t\t\t<\/div>\n\t\t\t\t<\/div>\n\t\t\t\t<\/div>\n\t\t\t\t\t<\/div>\n\t\t\t\t<\/div>\n\t\t\t\t<\/div>\n\t\t","protected":false},"excerpt":{"rendered":"<p>RAVE Finanzvermittlung Pl\u00f6ner Str. 56, 23701 Eutin +49 4521 7904517 buck@rave-finanzierung.de Impressum Diensteanbieter Rave FinanzierungsvermittlungPl\u00f6ner Str. 5623701 EutinDeutschland Kontaktm\u00f6glichkeiten E-Mail-Adresse: buck@rave-finanzierung.deTelefon: +49 (0)4521 7904517Fax: +49 (0)4521 7904516Kontaktformular: https:\/\/rave-finanzierung.de\/kontakt\/ Social Media und andere Onlinepr\u00e4senzen Haftungs- und Schutzrechtshinweise Haftungsausschluss: Die Inhalte dieses Onlineangebotes wurden sorgf\u00e4ltig und nach unserem aktuellen Kenntnisstand erstellt, dienen jedoch nur der Information und [&hellip;]<\/p>\n","protected":false},"author":1,"featured_media":0,"parent":0,"menu_order":0,"comment_status":"closed","ping_status":"closed","template":"elementor_header_footer","meta":{"footnotes":""},"class_list":["post-8827","page","type-page","status-publish","hentry"],"_links":{"self":[{"href":"https:\/\/rave-finanzierung.de\/index.php\/wp-json\/wp\/v2\/pages\/8827","targetHints":{"allow":["GET"]}}],"collection":[{"href":"https:\/\/rave-finanzierung.de\/index.php\/wp-json\/wp\/v2\/pages"}],"about":[{"href":"https:\/\/rave-finanzierung.de\/index.php\/wp-json\/wp\/v2\/types\/page"}],"author":[{"embeddable":true,"href":"https:\/\/rave-finanzierung.de\/index.php\/wp-json\/wp\/v2\/users\/1"}],"replies":[{"embeddable":true,"href":"https:\/\/rave-finanzierung.de\/index.php\/wp-json\/wp\/v2\/comments?post=8827"}],"version-history":[{"count":22,"href":"https:\/\/rave-finanzierung.de\/index.php\/wp-json\/wp\/v2\/pages\/8827\/revisions"}],"predecessor-version":[{"id":9243,"href":"https:\/\/rave-finanzierung.de\/index.php\/wp-json\/wp\/v2\/pages\/8827\/revisions\/9243"}],"wp:attachment":[{"href":"https:\/\/rave-finanzierung.de\/index.php\/wp-json\/wp\/v2\/media?parent=8827"}],"curies":[{"name":"wp","href":"https:\/\/api.w.org\/{rel}","templated":true}]}}